{"id":104,"date":"2018-01-16T17:09:50","date_gmt":"2018-01-16T16:09:50","guid":{"rendered":"http:\/\/kriminalforsorgen.gl\/?page_id=104"},"modified":"2022-03-01T08:13:21","modified_gmt":"2022-03-01T11:13:21","slug":"anstaltsbetjentuddannelsen","status":"publish","type":"page","link":"https:\/\/kriminalforsorgen.gl\/gb\/anstaltsbetjentuddannelsen\/","title":{"rendered":"Uddannelse &#8211; bliv anstaltsbetjent"},"content":{"rendered":"<div class=\"wpb-content-wrapper\">[vc_row][vc_column][vc_column_text]<img loading=\"lazy\" decoding=\"async\" class=\"alignnone size-full wp-image-671\" src=\"https:\/\/kriminalforsorgen.gl\/wp-content\/uploads\/2021\/04\/Trifolder-dansk-2021.jpg\" alt=\"\" width=\"1123\" height=\"794\" srcset=\"https:\/\/kriminalforsorgen.gl\/wp-content\/uploads\/2021\/04\/Trifolder-dansk-2021.jpg 1123w, https:\/\/kriminalforsorgen.gl\/wp-content\/uploads\/2021\/04\/Trifolder-dansk-2021-300x212.jpg 300w, https:\/\/kriminalforsorgen.gl\/wp-content\/uploads\/2021\/04\/Trifolder-dansk-2021-1024x724.jpg 1024w, https:\/\/kriminalforsorgen.gl\/wp-content\/uploads\/2021\/04\/Trifolder-dansk-2021-768x543.jpg 768w\" sizes=\"auto, (max-width: 1123px) 100vw, 1123px\" \/><\/p>\n<p><span style=\"color: #0000ff;\"><strong><a style=\"color: #0000ff;\" href=\"https:\/\/kriminalforsorgen.gl\/wp-content\/uploads\/2021\/04\/Trifolder-dansk-2021-1.pdf\">Trifolder dansk 2021<\/a><\/strong><\/span><\/p>\n<p>Der er ansat omkring 70 anstaltsbetjente i Kriminalforsorgen. For at blive anstaltsbetjent, skal man gennemf\u00f8re anstaltsbetjentuddannelsen, som varer 2 \u00e5r.<\/p>\n<p>Uddannelsen best\u00e5r af b\u00e5de praktik og teori. L\u00e6s mere om uddannelsen nedenfor.<\/p>\n<p><strong><br \/>\nAlloriaqatigiitta &#8211; sammen g\u00e5r vi frem<\/strong><\/p>\n<p>Kriminalforsorgen i Gr\u00f8nland har to hovedopgaver. Vi fuldbyrder domme og vi fors\u00f8ger at hj\u00e6lpe og motivere indsatte og klienter sikkert til et liv uden kriminalitet. Vi hj\u00e6lper hinanden med at l\u00f8se opgaven og alle er vigtige for at arbejdet kan udf\u00f8res.<\/p>\n<p><strong><br \/>\nBliv anstaltsbetjent p\u00e5 2 \u00e5r<\/strong><\/p>\n<p><strong>Du skal:<\/strong><\/p>\n<ul>\n<li>V\u00e6re fyldt 21 \u00e5r<\/li>\n<li>Som minimum have folkeskolens afgangseksamen<\/li>\n<\/ul>\n<p><strong><br \/>\nVi forventer at du: <\/strong><\/p>\n<ul>\n<li>Er dobbeltsproget, eller har mod p\u00e5 at l\u00e6re mere dansk\/gr\u00f8nlandsk<\/li>\n<li>Har interesse for menneskers udvikling<\/li>\n<li>Er psykisk robust<\/li>\n<li>Er rolig og st\u00e5r fast under konflikter<\/li>\n<li>Er holdspiller<\/li>\n<\/ul>\n<p>N\u00e5r du s\u00f8ger optagelse p\u00e5 uddannelsen til anstaltsbetjent, bliver du tjekket i kriminalregistret. Kriminalforsorgen optager ikke personer med domme for alvorlig kriminalitet. I forbindelse med alle ans\u00f8gninger foretages der dog en konkret vurdering, hvor vi ser p\u00e5 omst\u00e6ndighederne.<\/p>\n<p><strong><br \/>\nArbejdets indhold<\/strong><\/p>\n<p>Som anstaltsbetjent arbejder man med<\/p>\n<ul>\n<li>Kontrol og tilsynsopgaver<\/li>\n<li>Samtaler med indsatte<\/li>\n<li>Skriftlig sagsbehandling<\/li>\n<li>besk\u00e6ftigelses- og fritidsaktiviteter med indsatte<\/li>\n<\/ul>\n<p>Arbejdet indeb\u00e6rer skiftende arbejdstider i form af dag-, aften- og nattevagter. P\u00e5 nogle anstalter arbejdes der med d\u00f8gnvagter.<\/p>\n<p><strong><br \/>\nUddannelsen<\/strong><\/p>\n<p>Uddannelsen veksler mellem teori og praktik. I l\u00f8bet af uddannelsen er der 2 skoleophold af 7 og 8 ugers varighed. Skoleopholdene foreg\u00e5r i Nuuk. P\u00e5 skoleopholdene undervises der bl.a. i<\/p>\n<ul>\n<li><strong>Det sikkerhedsm\u00e6ssige omr\u00e5de<\/strong><\/li>\n<\/ul>\n<p>Konflikth\u00e5ndtering, regler for magt- og sikringsmidler, skriftlig dokumentation, f\u00f8rstehj\u00e6lp mm.<\/p>\n<ul>\n<li><strong>Det kriminalforsorgsfaglige omr\u00e5de<\/strong><\/li>\n<\/ul>\n<p>Varetagelse af daglige opgaver i anstalten, myndighedsud\u00f8velse, konkret sagsbehandling i forhold til indsatte, Kriminalforsorgen som organisation, rettigheder og pligter.<\/p>\n<ul>\n<li><strong>Det samfundsfaglige omr\u00e5de<\/strong><\/li>\n<\/ul>\n<p>Kriminalforsorgens rolle i samfundet og samarbejdet med \u00f8vrige myndigheder, misbrug og behandlingsmuligheder, \u00e5rsager til kriminalitet.<\/p>\n<p>Praktikperioden afvikles 3 steder. Du tilknyttes en anstalt under din uddannelse og f\u00e5r her en praktikvejleder, der sammen med anstaltslederen s\u00f8rger for, at du f\u00e5r l\u00e6rt alle de funktioner der kr\u00e6ves af en anstaltsbetjent. Derudover skal du have et praktikophold i en anden anstalt\/anden by samt et praktikophold i Kriminalforsorgen i Frihed, der blandt andet arbejder med tilsyn og samfundstjeneste. Du skal derfor v\u00e6re parat til perioder med rejseaktivitet og tid v\u00e6k fra familien, mens du uddanner dig.<\/p>\n<p><strong><br \/>\nVilk\u00e5r<\/strong><\/p>\n<p>Der ydes tiltr\u00e6delsesrejse, hvis du f\u00e5r ans\u00e6ttelse i en anden by end din hjemby. Der er mulighed for personalebolig i forbindelse med ans\u00e6ttelsen.<\/p>\n<p>Du ans\u00e6ttes som tjenestemand p\u00e5 pr\u00f8ve. Efter endt uddannelse ans\u00e6ttes du som tjenestemand, med ret til pension. Under uddannelsen er grundl\u00f8nnen kr. 21.833,50 om m\u00e5neden. Hertil kommer till\u00e6g for skiftende arbejdstider. Ved ans\u00e6ttelsen gives der s\u00e6rligt till\u00e6g, hvis du har en erhvervsfaglig uddannelse.<\/p>\n<p><strong><br \/>\nHvis du vil s\u00f8ge<\/strong><\/p>\n<p>Du skal udfylde et s\u00e6rligt ans\u00f8gningsskema. Skemaet downloades og sendes til: <a href=\"mailto:krfo@krfo.gl\">krfo@krfo.gl<\/a><\/p>\n<p>Hvis din ans\u00f8gning kommer i betragtning vil du blive indkaldt til en pr\u00f8ve og et interview. Til pr\u00f8ven vurderer vi din refleksionsevne og din robusthed og vi taler med dig om din motivation for at blive anstaltsbetjent. Du vil blive vedledt n\u00e6rmere inden pr\u00f8ven.<\/p>\n<p>Download ans\u00f8gningsskema her: <span style=\"color: #0000ff;\"><strong><a style=\"color: #0000ff;\" href=\"http:\/\/kriminalforsorgen.gl\/wp-content\/uploads\/2018\/01\/Kriminalforsorgenansogning.pdf\" target=\"_blank\" rel=\"noopener noreferrer\">Ans\u00f8gningsskema<\/a><\/strong><\/span><\/p>\n<p>som word:\u00a0<span style=\"color: #0000ff;\"><strong><a style=\"color: #0000ff;\" href=\"http:\/\/kriminalforsorgen.gl\/wp-content\/uploads\/2018\/01\/Kriminalforsorgenansogningword97.doc\">Kriminalforsorgen ans\u00f8gning word<\/a><\/strong><\/span>[\/vc_column_text][\/vc_column][\/vc_row][vc_row][vc_column][vc_video link=&#8221;https:\/\/youtu.be\/movUWZp3HG4&#8243;][\/vc_column][\/vc_row]\n<\/div>","protected":false},"excerpt":{"rendered":"<p>[vc_row][vc_column][vc_column_text] Trifolder dansk 2021 Der er ansat omkring 70 anstaltsbetjente i Kriminalforsorgen. For at blive anstaltsbetjent, skal man gennemf\u00f8re anstaltsbetjentuddannelsen, [&hellip;]<\/p>\n","protected":false},"author":1,"featured_media":0,"parent":0,"menu_order":0,"comment_status":"closed","ping_status":"closed","template":"","meta":{"footnotes":""},"class_list":["post-104","page","type-page","status-publish","hentry"],"translation":{"provider":"WPGlobus","version":"3.0.2","language":"gb","enabled_languages":["da","gr","gb"],"languages":{"da":{"title":true,"content":true,"excerpt":false},"gr":{"title":true,"content":true,"excerpt":false},"gb":{"title":false,"content":false,"excerpt":false}}},"_links":{"self":[{"href":"https:\/\/kriminalforsorgen.gl\/gb\/wp-json\/wp\/v2\/pages\/104","targetHints":{"allow":["GET"]}}],"collection":[{"href":"https:\/\/kriminalforsorgen.gl\/gb\/wp-json\/wp\/v2\/pages"}],"about":[{"href":"https:\/\/kriminalforsorgen.gl\/gb\/wp-json\/wp\/v2\/types\/page"}],"author":[{"embeddable":true,"href":"https:\/\/kriminalforsorgen.gl\/gb\/wp-json\/wp\/v2\/users\/1"}],"replies":[{"embeddable":true,"href":"https:\/\/kriminalforsorgen.gl\/gb\/wp-json\/wp\/v2\/comments?post=104"}],"version-history":[{"count":29,"href":"https:\/\/kriminalforsorgen.gl\/gb\/wp-json\/wp\/v2\/pages\/104\/revisions"}],"predecessor-version":[{"id":890,"href":"https:\/\/kriminalforsorgen.gl\/gb\/wp-json\/wp\/v2\/pages\/104\/revisions\/890"}],"wp:attachment":[{"href":"https:\/\/kriminalforsorgen.gl\/gb\/wp-json\/wp\/v2\/media?parent=104"}],"curies":[{"name":"wp","href":"https:\/\/api.w.org\/{rel}","templated":true}]}}