{"id":109,"date":"2018-01-16T17:14:25","date_gmt":"2018-01-16T16:14:25","guid":{"rendered":"http:\/\/kriminalforsorgen.gl\/?page_id=109"},"modified":"2018-11-26T15:34:51","modified_gmt":"2018-11-26T18:34:51","slug":"ny-lukket-anstalt","status":"publish","type":"page","link":"https:\/\/kriminalforsorgen.gl\/gb\/ny-lukket-anstalt\/","title":{"rendered":"Ny anstalt"},"content":{"rendered":"<p><strong>Den nye anstalt i Nuuk toner frem<\/strong><\/p>\n<p><em><img loading=\"lazy\" decoding=\"async\" class=\"alignnone wp-image-457 size-full\" src=\"http:\/\/kriminalforsorgen.gl\/wp-content\/uploads\/2018\/11\/Picture1.png\" alt=\"\" width=\"999\" height=\"562\" srcset=\"https:\/\/kriminalforsorgen.gl\/wp-content\/uploads\/2018\/11\/Picture1.png 999w, https:\/\/kriminalforsorgen.gl\/wp-content\/uploads\/2018\/11\/Picture1-300x169.png 300w, https:\/\/kriminalforsorgen.gl\/wp-content\/uploads\/2018\/11\/Picture1-768x432.png 768w\" sizes=\"auto, (max-width: 999px) 100vw, 999px\" \/>Den nye anstalt i Nuuk er den f\u00f8rste i Gr\u00f8nland med et lukket afsnit. Den \u00e5bner i for\u00e5ret 2019. Naturens betydning er t\u00e6nkt ind i arkitekturen og kunsten p\u00e5 den nye anstalt. <\/em><\/p>\n<p><em>\u00a0<\/em><\/p>\n<p>I Nuuk er den nye anstalt snart ved at v\u00e6re klar til at tage imod indsatte. I alt bliver der 76 pladser, hvor 40 af pladserne er i det lukkede afsnit.<\/p>\n<p>Anstalten bliver den f\u00f8rste i Gr\u00f8nland med lukkede pladser til afsonere, der er d\u00f8mt for alvorlig personfarlig kriminalitet. Den lukkede del af anstalten vil v\u00e6re sikret med ringmur, hegn og alarmer.<\/p>\n<p>\u201dMuren, der omkranser den lukkede del af anstalten, bliver et meget synligt bevis p\u00e5, at vi ogs\u00e5 i Gr\u00f8nland indesp\u00e6rrer borgere. Muren vil minde os om anstalternes form\u00e5l p\u00e5 en anden m\u00e5de end vi er vant til. Det er jo ikke nyt for Gr\u00f8nland at huse forvaringsd\u00f8mte og tilbageholdte. Der sidder allerede adskillige forvaringsd\u00f8mte og tilbageholdte rundt omkring i landet. Men de er placeret i \u00e5bne anstalter -uden mur,\u201d fort\u00e6ller direkt\u00f8r for Kriminalforsorgen i Gr\u00f8nland Naaja Hjelholt Nathanielsen.<\/p>\n<p>Ud over det h\u00f8jteknologiske sikkerhedsanl\u00e6g er ogs\u00e5 f\u00e6rdselsvejene og oversigtsforholdene i anstalten lavet med fokus p\u00e5 de indsatte og ansattes sikkerhed. Det er muligt at inddele afdelingerne i mindre enheder, s\u00e5ledes at man kan \u00f8ge sikkerheden endnu mere omkring bestemte indsatte.<\/p>\n<p>&nbsp;<\/p>\n<p>Kriminalforsorgen i Gr\u00f8nland arbejder med lige dele sikkerhed og resocialisering og begge elementer er i fokus i byggeriet.<\/p>\n<p>Derfor er der ogs\u00e5 faciliteter til besk\u00e6ftigelse s\u00e5som arbejde, uddannelse og behandling. Derudover vil der blandt andet v\u00e6re et bibliotek, kirkerum, en gymnastiksal og en udend\u00f8rs fodboldbane til fritidsbesk\u00e6ftigelse for de indsatte.<\/p>\n<p>\u201dBygningens indretning vil underst\u00f8tte de ansattes arbejde og forh\u00e5bentligt skabe b\u00e5de tryghed og trivsel hos ansatte og indsatte\u201d fort\u00e6ller Naaja H. Nathanielsen<\/p>\n<p>&nbsp;<\/p>\n<p><strong>Kontrasten mellem det barske og sk\u00f8nheden<br \/>\n<\/strong>Den nye anstalt i Nuuk er tegnet af arkitektfirmaerne Friis &#038; Moltke og Schmidt Hammer Lassen i samarbejde med ingeni\u00f8rfirmaet Ramb\u00f8ll\/Ramb\u00f8ll Gr\u00f8nland, og byggeriet udf\u00f8res hovedsageligt af forskellige lokale entrepren\u00f8rer fra Nuuk. Arkitekturen tager udgangspunkt i Gr\u00f8nlands natur.<\/p>\n<p><strong><img loading=\"lazy\" decoding=\"async\" class=\"alignnone wp-image-456 size-full\" src=\"http:\/\/kriminalforsorgen.gl\/wp-content\/uploads\/2018\/11\/Picture2.png\" alt=\"\" width=\"1002\" height=\"752\" srcset=\"https:\/\/kriminalforsorgen.gl\/wp-content\/uploads\/2018\/11\/Picture2.png 1002w, https:\/\/kriminalforsorgen.gl\/wp-content\/uploads\/2018\/11\/Picture2-300x225.png 300w, https:\/\/kriminalforsorgen.gl\/wp-content\/uploads\/2018\/11\/Picture2-768x576.png 768w\" sizes=\"auto, (max-width: 1002px) 100vw, 1002px\" \/><\/strong><em>Den lukkede del af anstalten er omkranset af en fem meter h\u00f8j ringmur, som er udsmykket med kunst af Aka H\u00f8egh. <\/em><\/p>\n<p>Anstalten er designet ud fra filosofien om, at de fysiske omgivelser spiller en v\u00e6sentlig rolle for menneskers adf\u00e6rd og mentale helbred. Det specielle ved anstalten i Nuuk er, at selvom en fem meter h\u00f8j mur omkranser anstalten, er der stadig udsigt til fjorden fra vinduerne. P\u00e5 den m\u00e5de tr\u00e6kkes naturen helt ind i anstalten. Det skal blandt andet bidrage til at afv\u00e6rge fysisk og psykisk vold i anstalten til gavn for b\u00e5de indsatte og personale.<\/p>\n<p><em><img loading=\"lazy\" decoding=\"async\" class=\"alignnone wp-image-455 size-full\" src=\"http:\/\/kriminalforsorgen.gl\/wp-content\/uploads\/2018\/11\/Picture3.png\" alt=\"\" width=\"1002\" height=\"725\" srcset=\"https:\/\/kriminalforsorgen.gl\/wp-content\/uploads\/2018\/11\/Picture3.png 1002w, https:\/\/kriminalforsorgen.gl\/wp-content\/uploads\/2018\/11\/Picture3-300x217.png 300w, https:\/\/kriminalforsorgen.gl\/wp-content\/uploads\/2018\/11\/Picture3-768x556.png 768w\" sizes=\"auto, (max-width: 1002px) 100vw, 1002px\" \/>I anstalten er vinduerne tykke, toiletrulleholderne selvmordssikrede, og d\u00f8rkarmene er rundet af, s\u00e5 man ikke kan skade sig p\u00e5 skarpe kanter.\u00a0 <\/em><\/p>\n<p>&nbsp;<\/p>\n<p>\u201dN\u00e5r man sidder p\u00e5 sit v\u00e6relse, kan man se ud over muren. Det kan bidrage til, at man kan lade tankerne flyde, man kan kigge ud af vinduet. Mentalt kan man komme lidt v\u00e6k fra anstalten. Anstalten er bygget, s\u00e5 man fra v\u00e6relset kan se udad, men ikke indad mod de andre v\u00e6relser,\u201d siger Preben Christensen.<\/p>\n<p>\u201dVi kan som arkitekter bidrage med, at man kan sidde og kigge ud og dr\u00f8mme sig v\u00e6k. Men n\u00e5r man kommer ind i en anstalt, s\u00e5 er det jo skidt. Det er ikke rart at v\u00e6re indesp\u00e6rret, uanset udsigten. Vi kan skabe nogle rammer for resocialisering, men n\u00e5r alt kommer til alt, er det de ansatte p\u00e5 anstalten, som har opgaven at skabe et milj\u00f8, der bidrager til en god resocialisering<em>. <\/em>Her kan arkitekturen kun give rammerne for dette vigtige arbejde,\u201d siger Preben Christensen.<\/p>\n<p>&nbsp;<\/p>\n<p><strong>Kunsten at resocialisere<br \/>\n<\/strong>Kunsten tager ogs\u00e5 udgangspunkt i gr\u00f8nlandsk kultur. Sagnet om \u201dSassuma arnaa\/Havets moder\u201d kan eksempelvis genfindes p\u00e5 en af v\u00e6ggene.<\/p>\n<p>\u201dDen indsatte med indblik i gr\u00f8nlandsk mytologi vil kunne finde associationer til h\u00e5ret fra Havets Moder p\u00e5 v\u00e6ggen i gymnastiksalen p\u00e5 anstalten,\u201d fort\u00e6ller billedkunstneren Julie Edel Hardenberg.<\/p>\n<p><img loading=\"lazy\" decoding=\"async\" class=\"alignnone wp-image-454 size-full\" src=\"http:\/\/kriminalforsorgen.gl\/wp-content\/uploads\/2018\/11\/Picture4.png\" alt=\"\" width=\"954\" height=\"716\" srcset=\"https:\/\/kriminalforsorgen.gl\/wp-content\/uploads\/2018\/11\/Picture4.png 954w, https:\/\/kriminalforsorgen.gl\/wp-content\/uploads\/2018\/11\/Picture4-300x225.png 300w, https:\/\/kriminalforsorgen.gl\/wp-content\/uploads\/2018\/11\/Picture4-768x576.png 768w\" sizes=\"auto, (max-width: 954px) 100vw, 954px\" \/><br \/>\n<em>Gymnastiksalen &#8211; som er et sted for fysisk aktivitet &#8211; er udsmykket med store bl\u00f8de linjer for at skabe bev\u00e6gelse i rummet, fort\u00e6ller kunstneren Julie Edel Hardenberg, <\/em><\/p>\n<p>&nbsp;<\/p>\n<p>Hun er en ud af tre kunstnere, der har dekoreret anstalten. Kunsten p\u00e5 v\u00e6ggen i gymnastiksalen kan symbolsk ses som en resocialiseringsproces for den indsatte, fort\u00e6ller hun.<\/p>\n<p>\u201dSagnet om Havets Moder kan give flere fortolkningsmuligheder. De indsatte kan ses som menneskene, der har beg\u00e5et ugerninger og derfor m\u00e5 rejse ned til havets bund for at rede h\u00e5ret p\u00e5 Havets Moder fri for snavs, for derved at frigive ressourcer. Der er med andre ord tale om en rejse, i dette tilf\u00e6lde en indre rejse, hvor den indsatte, mens vedkommende opholder sig i anstalten, symbolsk set f\u00e5r muligheden for at rense krop og sj\u00e6l for ugerninger &#8211; til gavn for den indsatte selv og samfundet,\u201d siger Julie Edel Hardenberg, som ogs\u00e5 skal udsmykke kirkerummet i anstalten.<\/p>\n<p>&nbsp;<\/p>\n<p><strong>Sikkerhed og v\u00e6relser med udsigt <\/strong><br \/>\nDet kan m\u00e5ske for nogen virke overraskende, at de indsatte f\u00e5r udsigt til vandet frem for en gr\u00e5 mur, eller at der bliver brugt penge til at udsmykke v\u00e6ggen i gymnastiksalen. Men de fysiske omgivelser er vigtige, fort\u00e6ller Bo Kobber Petersen der er chef for Koncern Anl\u00e6g i kriminalforsorgen:<\/p>\n<p>\u201dAnstalten er designet med stor fokus p\u00e5 sikkerheden. Derfor er det ogs\u00e5 vigtigt, at de fysiske rammer bidrager til positive relationer mellem de indsatte og mellem personalet og de indsatte. V\u00e6relserne er vendt v\u00e6k fra hinanden og ud mod naturen, det skyldes, at de indsatte ikke skal have muligheden for at kommunikere med hinanden,\u201d siger Bo Kobber Petersen.<\/p>\n<p>&nbsp;<\/p>\n<p>Det bliver muligt for borgerne i Nuuk at se anstalten indefra inden den tages i brug. Kriminalforsorgen i Gr\u00f8nland vil afholde en r\u00e6kke \u00e5bent-hus arrangementer i april m\u00e5ned.<\/p>\n<p>&nbsp;<\/p>\n<p><strong>Fakta om den nye anstalt i Nuuk <\/strong><\/p>\n<ul>\n<li>Der har v\u00e6ret afholdt en projektkonkurrence om, hvilke arkitekter der skulle tegne anstalten. Vinderforslaget blev offentliggjort den 17. maj 2013.<\/li>\n<li>Byggeriet begyndte i efter\u00e5ret 2015 \u2013 og forventes ibrugtaget i for\u00e5ret 2019.<\/li>\n<li>Der er afsat godt 400 mio. kr. til byggeriet.<\/li>\n<li>Anstalten er opf\u00f8rt p\u00e5 forslag fra den f\u00e6lles dansk-gr\u00f8nlandske Retsv\u00e6senskommision, ny gr\u00f8nlandsk retsplejelov og kriminallov fra 2010, som bl.a. betyder, at indsatte skal kunne afsone t\u00e6t p\u00e5 familie.<\/li>\n<li>Anstalten er p\u00e5 120.000 kvm. Det svarer til 17 fodboldbaner. Cirka 8.000 kvm. er under tag.<\/li>\n<li>KUNST: If\u00f8lge reglerne for statsbyggeri skal der afs\u00e6ttes en procentdel af h\u00e5ndv\u00e6rkerudgifterne til kunstnerisk udsmykning. Tre forskellige kunstnere har udsmykket anstalten indenfor og udenfor.<\/li>\n<li>SPROG: I Gr\u00f8nland hedder det en anstalt og ikke et f\u00e6ngsel. Celler kaldes for v\u00e6relser.<\/li>\n<li>Den nuv\u00e6rende \u00e5bne anstalt i Nuuk vil blive lukket.<\/li>\n<\/ul>\n<p>&nbsp;<\/p>\n","protected":false},"excerpt":{"rendered":"<p>Den nye anstalt i Nuuk toner frem Den nye anstalt i Nuuk er den f\u00f8rste i Gr\u00f8nland med et lukket [&hellip;]<\/p>\n","protected":false},"author":1,"featured_media":0,"parent":0,"menu_order":0,"comment_status":"closed","ping_status":"closed","template":"","meta":{"footnotes":""},"class_list":["post-109","page","type-page","status-publish","hentry"],"translation":{"provider":"WPGlobus","version":"3.0.2","language":"gb","enabled_languages":["da","gr","gb"],"languages":{"da":{"title":true,"content":true,"excerpt":false},"gr":{"title":true,"content":true,"excerpt":false},"gb":{"title":false,"content":false,"excerpt":false}}},"_links":{"self":[{"href":"https:\/\/kriminalforsorgen.gl\/gb\/wp-json\/wp\/v2\/pages\/109","targetHints":{"allow":["GET"]}}],"collection":[{"href":"https:\/\/kriminalforsorgen.gl\/gb\/wp-json\/wp\/v2\/pages"}],"about":[{"href":"https:\/\/kriminalforsorgen.gl\/gb\/wp-json\/wp\/v2\/types\/page"}],"author":[{"embeddable":true,"href":"https:\/\/kriminalforsorgen.gl\/gb\/wp-json\/wp\/v2\/users\/1"}],"replies":[{"embeddable":true,"href":"https:\/\/kriminalforsorgen.gl\/gb\/wp-json\/wp\/v2\/comments?post=109"}],"version-history":[{"count":12,"href":"https:\/\/kriminalforsorgen.gl\/gb\/wp-json\/wp\/v2\/pages\/109\/revisions"}],"predecessor-version":[{"id":460,"href":"https:\/\/kriminalforsorgen.gl\/gb\/wp-json\/wp\/v2\/pages\/109\/revisions\/460"}],"wp:attachment":[{"href":"https:\/\/kriminalforsorgen.gl\/gb\/wp-json\/wp\/v2\/media?parent=109"}],"curies":[{"name":"wp","href":"https:\/\/api.w.org\/{rel}","templated":true}]}}