{"id":19,"date":"2018-01-16T15:18:59","date_gmt":"2018-01-16T14:18:59","guid":{"rendered":"http:\/\/kriminalforsorgen.gl\/?page_id=19"},"modified":"2022-02-25T14:22:19","modified_gmt":"2022-02-25T17:22:19","slug":"frontpage","status":"publish","type":"page","link":"https:\/\/kriminalforsorgen.gl\/gb\/frontpage\/","title":{"rendered":"Jeg er p\u00e5r\u00f8rende"},"content":{"rendered":"<p>Som p\u00e5r\u00f8rende oplever man, at dommen p\u00e5virker hele familien. Man kan blive ramt af mange f\u00f8lelser og kan f\u00e5 brug for at tale med en medarbejder i Kriminalforsorgen om personen, som har f\u00e5et en dom. Medarbejderne i Kriminalforsorgen har imidlertid tavshedspligt og m\u00e5 ikke tale med andre personer om klienters personlige forhold &#8211; faktisk m\u00e5 medarbejderne slet ikke oplyse, om den p\u00e5g\u00e6ldende overhovedet er klient i Kriminalforsorgen. S\u00e5 selv om det kan v\u00e6re vanskeligt at acceptere kan du ikke regne med at f\u00e5 oplysninger om dine p\u00e5r\u00f8rende fra Kriminalforsorgens personale.<\/p>\n<p>Hvis du er i tvivl om, hvor dine p\u00e5r\u00f8rende befinder sig, kan du skrive til Kriminalforsorgens Hovedkontor. Hvis personen er indsat i \u00e9n af vore anstalter, vil vi videregive dit brev, men du f\u00e5r ikke svar p\u00e5, om brevet er udleveret.<\/p>\n<p>Hvis du \u00f8nsker at bes\u00f8ge en indsat, skal du kontakte anstalten og s\u00f8ge om tilladelse. Du kan f\u00e5 afslag p\u00e5 bes\u00f8gstilladelse, hvis anstalten vurderer, at det ikke er sikkerhedsm\u00e6ssigt forsvarligt at give dig tilladelse til bes\u00f8g, hvis du for eksempel er tidligere d\u00f8mt for alvorlig kriminalitet.<\/p>\n<p>Du har ogs\u00e5 mulighed for at sende breve eller pakker til dine p\u00e5r\u00f8rende, du skal dog v\u00e6re opm\u00e6rksom p\u00e5, at breve og pakker kan blive \u00e5bnet under overv\u00e6relse af personalet og at der er en r\u00e6kke ting, du ikke m\u00e5 sende ind i anstalten og som du heller ikke m\u00e5 have med til bes\u00f8g.<\/p>\n<p>Du m\u00e5 ikke have ting med til bes\u00f8g, som ikke kan unders\u00f8ges eller som det ikke er tilladt at have i anstalten. Det g\u00e6lder for eksempel mobiltelefoner, v\u00e5ben, medicin, computere og lignende. Hvis du \u00f8nsker at give den indsatte penge, skal du give pengene til anstaltens personale. Du f\u00e5r selvf\u00f8lgelig en kvittering.<\/p>\n<p>Der g\u00f8res opm\u00e6rksom p\u00e5, at husorden er under revidering og forventes udsendt 1. august 2019. Hvis du har sp\u00f8rgsm\u00e5l til hvilke regler der g\u00e6lder for dig\/din p\u00e5r\u00f8rende, s\u00e5 kontakt den enkelte anstalt.<\/p>\n<p>Oplysninger om bes\u00f8gstider med videre f\u00e5r du hos de enkelte anstalter:<\/p>\n<p><span style=\"color: #0000ff;\"><strong><u><a style=\"color: #0000ff;\" href=\"http:\/\/kriminalforsorgen.gl\/anstalten-for-domfaeldte-i-aasiaat\/\">Anstalten i Aasiaat<\/a><\/u><\/strong><\/span><\/p>\n<p><span style=\"color: #0000ff;\"><strong><u><a style=\"color: #0000ff;\" href=\"http:\/\/kriminalforsorgen.gl\/anstalten-for-domfaeldte-i-ilulissat\/\">Anstalten i Ilulissat<\/a><\/u><\/strong><\/span><\/p>\n<p><span style=\"color: #0000ff;\"><strong><u><a style=\"color: #0000ff;\" href=\"http:\/\/kriminalforsorgen.gl\/anstalten-for-domfaeldte-i-nuuk\/\">Anstalten i Nuuk<\/a><\/u><\/strong><\/span><\/p>\n<p><span style=\"color: #0000ff;\"><strong><u><a style=\"color: #0000ff;\" href=\"http:\/\/kriminalforsorgen.gl\/anstalten-for-domfaeldte-i-qaqortoq\/\">Anstalten i Qaqortoq<\/a><\/u><\/strong><\/span><\/p>\n<p><span style=\"color: #0000ff;\"><strong><u><a style=\"color: #0000ff;\" href=\"http:\/\/kriminalforsorgen.gl\/om-anstalten-i-sisimiut\/\">Anstalten i Sisimiut<\/a><\/u><\/strong><\/span><\/p>\n<p><u><a href=\"http:\/\/kriminalforsorgen.gl\/om-anstalten-i-tasiilaq\/\"><span style=\"color: #0000ff;\"><strong>Anstalten i Tasiilaq<\/strong><\/span><\/a><\/u><\/p>\n","protected":false},"excerpt":{"rendered":"<p>Som p\u00e5r\u00f8rende oplever man, at dommen p\u00e5virker hele familien. Man kan blive ramt af mange f\u00f8lelser og kan f\u00e5 brug [&hellip;]<\/p>\n","protected":false},"author":1,"featured_media":0,"parent":0,"menu_order":0,"comment_status":"closed","ping_status":"open","template":"","meta":{"footnotes":""},"class_list":["post-19","page","type-page","status-publish","hentry"],"translation":{"provider":"WPGlobus","version":"3.0.2","language":"gb","enabled_languages":["da","gr","gb"],"languages":{"da":{"title":true,"content":true,"excerpt":false},"gr":{"title":true,"content":true,"excerpt":false},"gb":{"title":false,"content":false,"excerpt":false}}},"_links":{"self":[{"href":"https:\/\/kriminalforsorgen.gl\/gb\/wp-json\/wp\/v2\/pages\/19","targetHints":{"allow":["GET"]}}],"collection":[{"href":"https:\/\/kriminalforsorgen.gl\/gb\/wp-json\/wp\/v2\/pages"}],"about":[{"href":"https:\/\/kriminalforsorgen.gl\/gb\/wp-json\/wp\/v2\/types\/page"}],"author":[{"embeddable":true,"href":"https:\/\/kriminalforsorgen.gl\/gb\/wp-json\/wp\/v2\/users\/1"}],"replies":[{"embeddable":true,"href":"https:\/\/kriminalforsorgen.gl\/gb\/wp-json\/wp\/v2\/comments?post=19"}],"version-history":[{"count":14,"href":"https:\/\/kriminalforsorgen.gl\/gb\/wp-json\/wp\/v2\/pages\/19\/revisions"}],"predecessor-version":[{"id":40,"href":"https:\/\/kriminalforsorgen.gl\/gb\/wp-json\/wp\/v2\/pages\/19\/revisions\/40"}],"wp:attachment":[{"href":"https:\/\/kriminalforsorgen.gl\/gb\/wp-json\/wp\/v2\/media?parent=19"}],"curies":[{"name":"wp","href":"https:\/\/api.w.org\/{rel}","templated":true}]}}