{"id":2,"date":"2018-01-08T19:37:13","date_gmt":"2018-01-08T18:37:13","guid":{"rendered":"http:\/\/kriminalforsorgen.gl\/?page_id=2"},"modified":"2022-02-25T14:21:56","modified_gmt":"2022-02-25T17:21:56","slug":"eksempel-side","status":"publish","type":"page","link":"https:\/\/kriminalforsorgen.gl\/gb\/eksempel-side\/","title":{"rendered":"Jeg har f\u00e5et en dom"},"content":{"rendered":"<p><strong>Jeg har f\u00e5et en dom til anbringelse i anstalt<\/strong><\/p>\n<p>N\u00e5r du i retten har f\u00e5et en dom til anbringelse i anstalt er der to muligheder:<\/p>\n<p><strong><u>Straksfuldbyrdelse<\/u><\/strong><\/p>\n<p>Retten kan bestemme, at dommen skal fuldbyrdes med det samme. Hvis du i forvejen har v\u00e6ret tilbageholdt, skal du derfor tilbage til anstalten. Har du v\u00e6ret tilbageholdt kan personalet vejlede dig om praktiske konsekvenser af, at du ikke l\u00e6ngere er tilbageholdt men anbragt. At v\u00e6re anbragt giver nogle andre muligheder for kontakt til omverden, s\u00e5som bes\u00f8g, adgang til telefon, mulighed for udgang og eventuelt arbejde uden for anstalten.<\/p>\n<p><strong><u>Senere indkaldelse<\/u><\/strong><\/p>\n<p>Retten kan ogs\u00e5 bestemme, at dommen ikke skal fuldbyrdes med det samme. Hvis det er tilf\u00e6ldet kan du tage hjem. Du vil senere blive indkaldt til afsoning n\u00e5r der er plads. Du vil blive indkaldt mindst 5 uger f\u00f8r afsoning. Kriminalforsorgen har anstalter i Ilulissat, Aasiaat, Sisimiut, Nuuk, Qaqortoq og Tasiilaq.<\/p>\n<p>Som udgangspunkt anbringes du i den anstalt, som ligger n\u00e6rmest din bop\u00e6l men andre hensyn kan betyde, at du anbringes et andet sted. Det kan v\u00e6re hensynet til retsh\u00e5ndh\u00e6velsen, der betyder at man tager hensyn til offeret eller det kan v\u00e6re hensynet til udnyttelse af pladserne i Kriminalforsorgens anstalter.<\/p>\n<p>Hvis du \u00f8nsker at klage over dit anbringelsessted, skal du sende en klage til Kriminalforsorgens Hovedkontor med eventuel dokumentation.<\/p>\n<p><strong><u>Ans\u00f8gning om uds\u00e6ttelse af afsoning<\/u><\/strong><\/p>\n<p>Du kan ogs\u00e5 s\u00f8ge om uds\u00e6ttelse af afsoningen. Dette b\u00f8r ske hurtigst muligt efter at du har modtaget indkaldelsen. Det er politiet der skal behandle din ans\u00f8gning. For at f\u00e5 udsat din afsoning kr\u00e6ves det, at der foreligger en s\u00e6rlig situation. Et s\u00e6rligt hensyn kan v\u00e6re hensyn til arbejde, uddannelse, helbred eller familiem\u00e6ssige forhold. Du skal kunne dokumentere dit behov for uds\u00e6ttelse. Det er sv\u00e6rere at opn\u00e5 uds\u00e6ttelse, hvis du har beg\u00e5et en personfarlig forbrydelse. I uds\u00e6ttelsesperioden m\u00e5 du ikke beg\u00e5 ny kriminalitet og du skal overholde de vilk\u00e5r, der er opstillet som begrundelse for uds\u00e6ttelsen.<\/p>\n<p><strong>Jeg har f\u00e5et dom til samfundstjeneste<\/strong><\/p>\n<p>N\u00e5r du i retten har f\u00e5et dom til samfundstjeneste, sendes dommen til Kriminalforsorgen. Kriminalforsorgen i Frihed (KiF) indkalder dig til samtale og sammen finder I ud af, hvor du skal afvikle din samfundstjeneste.<\/p>\n<p>Det vil fremg\u00e5 af dommen, hvor mange timers samfundstjeneste, du skal afvikle. Sammenmed samfundstjenestestedet l\u00e6gges en plan for, hvordan timerne afvikles. Der tages s\u00e5 vidt muligt hensyn til dit arbejde eller uddannelse mv.<\/p>\n<p>Alt efter hvor du bor, vil der v\u00e6re forskellige muligheder for at afvikle samfundstjeneste. Der tages i videst muligt omfang hensyn til dine \u00f8nsker og evner. Som eksempler p\u00e5 samfundstjenesteder kan n\u00e6vnes:<\/p>\n<ul>\n<li>Kommunal affaldssortering<\/li>\n<li>H\u00f8jskole<\/li>\n<li>Idr\u00e6tshal<\/li>\n<li>Brandv\u00e6sen<\/li>\n<\/ul>\n<p>Du kan f\u00e5 n\u00e6rmere information om samfundstjeneste ved at kontakte KiF.<\/p>\n<p><strong>Jeg har f\u00e5et dom til tilsyn<\/strong><\/p>\n<p>N\u00e5r du i retten har f\u00e5et dom til tilsyn, sendes domsudskrift til Kriminalforsorgen.<\/p>\n<p>Kriminalforsorgen indkalder dig hurtigst muligt til en samtale.<\/p>\n<p>Dom til tilsyn betyder, at du med j\u00e6vne mellemrum skal have samtaler med tilsynsf\u00f8rende og at du skal rette dig efter de vilk\u00e5r, som g\u00e6lder for tilsynet.<\/p>\n<p>Du kan f\u00e5 n\u00e6rmere oplysninger om tilsyn ved at kontakte KiF.<\/p>\n","protected":false},"excerpt":{"rendered":"<p>Jeg har f\u00e5et en dom til anbringelse i anstalt N\u00e5r du i retten har f\u00e5et en dom til anbringelse i [&hellip;]<\/p>\n","protected":false},"author":1,"featured_media":0,"parent":0,"menu_order":0,"comment_status":"closed","ping_status":"open","template":"","meta":{"footnotes":""},"class_list":["post-2","page","type-page","status-publish","hentry"],"translation":{"provider":"WPGlobus","version":"3.0.2","language":"gb","enabled_languages":["da","gr","gb"],"languages":{"da":{"title":true,"content":true,"excerpt":false},"gr":{"title":true,"content":true,"excerpt":false},"gb":{"title":false,"content":false,"excerpt":false}}},"_links":{"self":[{"href":"https:\/\/kriminalforsorgen.gl\/gb\/wp-json\/wp\/v2\/pages\/2","targetHints":{"allow":["GET"]}}],"collection":[{"href":"https:\/\/kriminalforsorgen.gl\/gb\/wp-json\/wp\/v2\/pages"}],"about":[{"href":"https:\/\/kriminalforsorgen.gl\/gb\/wp-json\/wp\/v2\/types\/page"}],"author":[{"embeddable":true,"href":"https:\/\/kriminalforsorgen.gl\/gb\/wp-json\/wp\/v2\/users\/1"}],"replies":[{"embeddable":true,"href":"https:\/\/kriminalforsorgen.gl\/gb\/wp-json\/wp\/v2\/comments?post=2"}],"version-history":[{"count":12,"href":"https:\/\/kriminalforsorgen.gl\/gb\/wp-json\/wp\/v2\/pages\/2\/revisions"}],"predecessor-version":[{"id":839,"href":"https:\/\/kriminalforsorgen.gl\/gb\/wp-json\/wp\/v2\/pages\/2\/revisions\/839"}],"wp:attachment":[{"href":"https:\/\/kriminalforsorgen.gl\/gb\/wp-json\/wp\/v2\/media?parent=2"}],"curies":[{"name":"wp","href":"https:\/\/api.w.org\/{rel}","templated":true}]}}