{"id":477,"date":"2019-03-02T09:53:36","date_gmt":"2019-03-02T12:53:36","guid":{"rendered":"http:\/\/kriminalforsorgen.gl\/?page_id=477"},"modified":"2022-02-25T14:20:52","modified_gmt":"2022-02-25T17:20:52","slug":"whistleblowerordning","status":"publish","type":"page","link":"https:\/\/kriminalforsorgen.gl\/gb\/whistleblowerordning\/","title":{"rendered":"Whistleblowerordning"},"content":{"rendered":"<p class=\"Default\"><i><span lang=\"DA\">Kriminalforsorgens whistleblowerordning giver mulighed for at indsende oplysninger om ulovligheder eller alvorlige uregelm\u00e6ssigheder i kriminalforsorgen. Ordningen kan benyttes af alle ansatte og samarbejdspartnere.<\/span><\/i><i><span lang=\"DA\">\u00a0<\/span><\/i><\/p>\n<p class=\"Default\"><span lang=\"DA\">Kriminalforsorgens whistleblowerordning giver mulighed for anonymt at indsende oplysninger om kritisable forhold til en uvildig part i kriminalforsorgen, som kan unders\u00f8ge forholdene n\u00e6rmere. <\/span><\/p>\n<p class=\"Default\"><span lang=\"DA\">Whistleblowerordningen kan v\u00e6re aktuel at benytte, hvis man bliver opm\u00e6rksom p\u00e5 forhold s\u00e5som overtr\u00e6delse af tavshedspligten eller misbrug af \u00f8konomiske midler, og man samtidig oplever, at man ikke har nogen at give sin viden videre til \u2013 eller at man \u00f8nsker at videregive oplysningerne anonymt. <\/span><\/p>\n<p class=\"Default\"><span lang=\"DA\">\u00a0<\/span><\/p>\n<p class=\"Default\"><b><span lang=\"DA\">Hvad sker der med en indberetning? <\/span><\/b><\/p>\n<p class=\"Default\"><span lang=\"DA\">I kriminalforsorgen kan whistleblowerordningen benyttes af ansatte i alle kriminalforsorgsomr\u00e5der. Ordningen kan ogs\u00e5 bruges af kriminalforsorgens samarbejdspartnere.<br \/>\n<\/span><\/p>\n<p class=\"Default\"><span lang=\"DA\">Indberetningerne til whistleblowerordningen sker gennem et it-system, der er placeret hos en ekstern leverand\u00f8r. It-systemet sender automatisk en mail til sekretariatet Koncernledelse og Kommunikation i Direktoratet for Kriminalforsorgen. <\/span><\/p>\n<p class=\"Default\"><span lang=\"DA\">N\u00e5r sekretariatet modtager en indberetning, vurderes det f\u00f8rst, om der er grundlag for en egentlig behandling af sagen. Hvis der er behov for flere oplysninger, kan sekretariatet sende opklarende sp\u00f8rgsm\u00e5l til whistlebloweren gennem it-systemet. Det g\u00e6lder ogs\u00e5 til anonyme afsendere, da whistlebloweren f\u00e5r en kode gennem it-systemet, og derfor ikke beh\u00f8ver at afgive kontaktoplysninger. Whistlebloweren kan dermed bevare anonymiteten, logge ind og tilf\u00f8je oplysninger s\u00e5 l\u00e6nge sagen er aktiv. <\/span><span lang=\"DA\">\u00a0<\/span><\/p>\n<p class=\"Default\"><span lang=\"DA\">Er der grundlag for videre unders\u00f8gelser og vurdering af eventuelle disciplin\u00e6re sanktioner eller endog politianmeldelse, g\u00e5r indberetningen videre til den relevante direkt\u00f8r i kriminalforsorgen.<\/span><\/p>\n<p class=\"Default\"><span lang=\"DA\">\u00a0<\/span><\/p>\n<p class=\"Default\"><b><span lang=\"DA\">S\u00e5dan indsender du en indberetning <\/span><\/b><\/p>\n<p class=\"Default\"><span lang=\"DA\">Du kan indsende en indberetning via f\u00f8lgende link:\u00a0 <\/span><span lang=\"DA\"><a href=\"https:\/\/wb.jm.dk\/#\/\">https:\/\/wb.jm.dk\/#\/<\/a><\/span><\/p>\n<p class=\"Default\"><span lang=\"DA\">Det er desuden muligt at sende en mail til: <\/span><span lang=\"DA\"><a href=\"mailto:whistleblower@krfo.dk\">whistleblower@krfo.dk<\/a><\/span><\/p>\n<p class=\"Default\"><span lang=\"DA\">\u00a0<\/span><\/p>\n<p class=\"Default\"><span lang=\"DA\">Eller et brev til:<br \/>\n<strong>Direktoratet for Kriminalforsorgen <\/strong><br \/>\natt. Sekretariatschef Lars Aarud Krogh<br \/>\nStrandgade 100<br \/>\n1401 K\u00f8benhavn K <\/span><\/p>\n<p class=\"Default\"><span lang=\"DA\">\u00a0<\/span><\/p>\n<p class=\"Default\"><b><span lang=\"DA\">L\u00e6s mere <\/span><\/b><\/p>\n<p class=\"Default\"><span lang=\"DA\">Retningslinjer for whistleblowerordninger p\u00e5 Justitsministeriets omr\u00e5de: <strong><a href=\"http:\/\/kriminalforsorgen.gl\/wp-content\/uploads\/2019\/03\/F\u00e6lles-retningslinjer.pdf\" target=\"_blank\" rel=\"noopener noreferrer\">Link<\/a><\/strong><\/span><\/p>\n<p class=\"Default\"><span lang=\"DA\">\u00a0<\/span><\/p>\n<p class=\"Default\"><span lang=\"DA\">Ramme- og procesbeskrivelse for kriminalforsorgens whistleblowerordning: <strong><a href=\"http:\/\/kriminalforsorgen.gl\/wp-content\/uploads\/2019\/03\/F\u00e6lles-retningslinjer.pdf\" target=\"_blank\" rel=\"noopener noreferrer\">Link<\/a><\/strong><\/span><\/p>\n<p class=\"Default\"><span lang=\"DA\">\u00a0<\/span><\/p>\n<p class=\"Default\"><span lang=\"DA\">Oversigt over processen hos kriminalforsorgen: <a href=\"http:\/\/kriminalforsorgen.gl\/wp-content\/uploads\/2019\/03\/WB_grafik-over-sagsgang.pdf\" target=\"_blank\" rel=\"noopener noreferrer\"><strong>Link &#8211; grafik over sagsgang<\/strong><\/a><\/span><\/p>\n<p class=\"Default\">\n","protected":false},"excerpt":{"rendered":"<p>Kriminalforsorgens whistleblowerordning giver mulighed for at indsende oplysninger om ulovligheder eller alvorlige uregelm\u00e6ssigheder i kriminalforsorgen. Ordningen kan benyttes af alle [&hellip;]<\/p>\n","protected":false},"author":1,"featured_media":0,"parent":0,"menu_order":0,"comment_status":"closed","ping_status":"closed","template":"","meta":{"footnotes":""},"class_list":["post-477","page","type-page","status-publish","hentry"],"translation":{"provider":"WPGlobus","version":"3.0.2","language":"gb","enabled_languages":["da","gr","gb"],"languages":{"da":{"title":true,"content":true,"excerpt":false},"gr":{"title":true,"content":true,"excerpt":false},"gb":{"title":false,"content":false,"excerpt":false}}},"_links":{"self":[{"href":"https:\/\/kriminalforsorgen.gl\/gb\/wp-json\/wp\/v2\/pages\/477","targetHints":{"allow":["GET"]}}],"collection":[{"href":"https:\/\/kriminalforsorgen.gl\/gb\/wp-json\/wp\/v2\/pages"}],"about":[{"href":"https:\/\/kriminalforsorgen.gl\/gb\/wp-json\/wp\/v2\/types\/page"}],"author":[{"embeddable":true,"href":"https:\/\/kriminalforsorgen.gl\/gb\/wp-json\/wp\/v2\/users\/1"}],"replies":[{"embeddable":true,"href":"https:\/\/kriminalforsorgen.gl\/gb\/wp-json\/wp\/v2\/comments?post=477"}],"version-history":[{"count":5,"href":"https:\/\/kriminalforsorgen.gl\/gb\/wp-json\/wp\/v2\/pages\/477\/revisions"}],"predecessor-version":[{"id":837,"href":"https:\/\/kriminalforsorgen.gl\/gb\/wp-json\/wp\/v2\/pages\/477\/revisions\/837"}],"wp:attachment":[{"href":"https:\/\/kriminalforsorgen.gl\/gb\/wp-json\/wp\/v2\/media?parent=477"}],"curies":[{"name":"wp","href":"https:\/\/api.w.org\/{rel}","templated":true}]}}