{"id":51,"date":"2018-01-16T16:06:14","date_gmt":"2018-01-16T15:06:14","guid":{"rendered":"http:\/\/kriminalforsorgen.gl\/?page_id=51"},"modified":"2022-06-14T10:08:21","modified_gmt":"2022-06-14T12:08:21","slug":"om-kriminalforsorgen","status":"publish","type":"page","link":"https:\/\/kriminalforsorgen.gl\/gb\/om-kriminalforsorgen\/","title":{"rendered":"OM Kriminalforsorgen"},"content":{"rendered":"<div class=\"wpb-content-wrapper\">[vc_row][vc_column][vc_column_text]<i>Kriminalforsorgen i Gr\u00f8nland har cirka 150 fuldtidsansatte, fordelt i 6 byer og cirka 50 personer tilknyttet, der l\u00f8ser opgaver for os p\u00e5 timel\u00f8n. Disse er ansat i hele landet. Den st\u00f8rste medarbejdergruppe er anstaltsbetjente. Derudover har vi ansat socialr\u00e5dgivere, besk\u00e6ftigelseskonsulenter, l\u00e6rere, psykologer, en psykiater, en sygeplejerske, kontorpersonale, jurister og medhj\u00e6lpere. Kriminalforsorgen er ogs\u00e5 en uddannelsesplads. Vi uddanner selv vores anstaltsbetjente<\/i>.<\/p>\n<p><strong><br \/>\nOm organisationen<\/strong><\/p>\n<p>Kriminalforsorgen har to hovedopgaver; at s\u00f8rge for den n\u00f8dvendige kontrol og sikkerhed omkring fuldbyrdelse af domme samt at st\u00f8tte og motivere de borgere vi er i kontakt med til at leve en kriminalitetsfri tilv\u00e6relse.<\/p>\n<p>Kriminalforsorgen skal s\u00f8rge for, at borgere, der har f\u00e5et en dom, kan fuldbyrde denne. Det kan ske i form af tilsyn, samfundstjeneste, anstaltsanbringelse eller forvaring.<\/p>\n<p>Kriminalforsorgen administrerer ogs\u00e5 politiets tilbageholdte i anstalterne og gennemf\u00f8relse af personunders\u00f8gelser efter retsplejeloven.<\/p>\n<p>Kriminalforsorgen er en del af den danske statsadministration og er underlagt Direktoratet for Kriminalforsorgen, der refererer til Justitsministeriet.<\/p>\n<p>I sit daglige virke opererer Kriminalforsorgen i Gr\u00f8nland i store tr\u00e6k som en selvst\u00e6ndig organisation med kompetence p\u00e5 alle v\u00e6sentlige sagsbehandlingsm\u00e6ssige omr\u00e5der. Ledelsen af Kriminalforsorgen i\u00a0Gr\u00f8nland er i kriminalloven bemyndiget til p\u00e5 en lang r\u00e6kke omr\u00e5der at fasts\u00e6tte n\u00e6rmere regler om\u00a0fuldbyrdelse af foranstaltninger samt udstede bekendtg\u00f8relser.<\/p>\n<p>Kriminalforsorgen i Gr\u00f8nland ledes af direkt\u00f8ren for Kriminalforsorgen i Gr\u00f8nland i samarbejde med chefen for fuldbyrdelse og sikkerhed og chefen for resocialisering.[\/vc_column_text][\/vc_column][\/vc_row][vc_row][vc_column width=&#8221;1\/3&#8243;][\/vc_column][vc_column width=&#8221;1\/3&#8243;][\/vc_column][vc_column width=&#8221;1\/3&#8243;][\/vc_column][\/vc_row][vc_row][vc_column][vc_column_text]<img loading=\"lazy\" decoding=\"async\" class=\"alignnone size-full wp-image-571\" src=\"https:\/\/kriminalforsorgen.gl\/wp-content\/uploads\/2020\/02\/organisation.jpg\" alt=\"\" width=\"1078\" height=\"1059\" srcset=\"https:\/\/kriminalforsorgen.gl\/wp-content\/uploads\/2020\/02\/organisation.jpg 1078w, https:\/\/kriminalforsorgen.gl\/wp-content\/uploads\/2020\/02\/organisation-300x295.jpg 300w, https:\/\/kriminalforsorgen.gl\/wp-content\/uploads\/2020\/02\/organisation-1024x1006.jpg 1024w, https:\/\/kriminalforsorgen.gl\/wp-content\/uploads\/2020\/02\/organisation-768x754.jpg 768w\" sizes=\"auto, (max-width: 1078px) 100vw, 1078px\" \/>[\/vc_column_text][\/vc_column][\/vc_row]\n<\/div>","protected":false},"excerpt":{"rendered":"<p>[vc_row][vc_column][vc_column_text]Kriminalforsorgen i Gr\u00f8nland har cirka 150 fuldtidsansatte, fordelt i 6 byer og cirka 50 personer tilknyttet, der l\u00f8ser opgaver for [&hellip;]<\/p>\n","protected":false},"author":1,"featured_media":0,"parent":0,"menu_order":0,"comment_status":"closed","ping_status":"closed","template":"","meta":{"footnotes":""},"class_list":["post-51","page","type-page","status-publish","hentry"],"translation":{"provider":"WPGlobus","version":"3.0.2","language":"gb","enabled_languages":["da","gr","gb"],"languages":{"da":{"title":true,"content":true,"excerpt":false},"gr":{"title":true,"content":true,"excerpt":false},"gb":{"title":false,"content":false,"excerpt":false}}},"_links":{"self":[{"href":"https:\/\/kriminalforsorgen.gl\/gb\/wp-json\/wp\/v2\/pages\/51","targetHints":{"allow":["GET"]}}],"collection":[{"href":"https:\/\/kriminalforsorgen.gl\/gb\/wp-json\/wp\/v2\/pages"}],"about":[{"href":"https:\/\/kriminalforsorgen.gl\/gb\/wp-json\/wp\/v2\/types\/page"}],"author":[{"embeddable":true,"href":"https:\/\/kriminalforsorgen.gl\/gb\/wp-json\/wp\/v2\/users\/1"}],"replies":[{"embeddable":true,"href":"https:\/\/kriminalforsorgen.gl\/gb\/wp-json\/wp\/v2\/comments?post=51"}],"version-history":[{"count":26,"href":"https:\/\/kriminalforsorgen.gl\/gb\/wp-json\/wp\/v2\/pages\/51\/revisions"}],"predecessor-version":[{"id":961,"href":"https:\/\/kriminalforsorgen.gl\/gb\/wp-json\/wp\/v2\/pages\/51\/revisions\/961"}],"wp:attachment":[{"href":"https:\/\/kriminalforsorgen.gl\/gb\/wp-json\/wp\/v2\/media?parent=51"}],"curies":[{"name":"wp","href":"https:\/\/api.w.org\/{rel}","templated":true}]}}