{"id":66,"date":"2018-01-16T16:18:15","date_gmt":"2018-01-16T15:18:15","guid":{"rendered":"http:\/\/kriminalforsorgen.gl\/?page_id=66"},"modified":"2019-07-02T13:18:15","modified_gmt":"2019-07-02T15:18:15","slug":"anstalten-for-domfaeldte-i-aasiaat","status":"publish","type":"page","link":"https:\/\/kriminalforsorgen.gl\/gb\/anstalten-for-domfaeldte-i-aasiaat\/","title":{"rendered":"Anstalten for Domf\u00e6ldte i Aasiaat"},"content":{"rendered":"<p>Anstalten har\u00a012 ansatte: en Anstaltsleder, anstaltsbetjente, en socialr\u00e5dgiver, en besk\u00e6ftigelseskonsulent og en timel\u00e6rer, som tilbyder undervisning til de indsatte. Anstalten har plads til\u00a015 indsatte.<\/p>\n<p><strong>\u00a0<\/strong><\/p>\n<p><strong>Regler for ophold<\/strong><\/p>\n<p>Der er nogle forskelle p\u00e5 reglerne for opholdet alt efter om du er tilbageholdt (ikke har f\u00e5et dom endnu) eller om du er domf\u00e6ldt. Men her kan du se, hvordan dagligdagen er:<\/p>\n<p>07.00: Opm\u00f8nstring (weekend og helligdage kl. 08.00)<\/p>\n<p>08.00-16.00: Arbejdstid<\/p>\n<p>21.30: Afm\u00f8nstring<\/p>\n<p><strong><br \/>\nS\u00e6rligt om forplejning<\/strong><\/p>\n<p>Der er selvforplejning i anstalten, det vil sige, at du selv skal s\u00f8rge for indk\u00f8b og lave din egen mad (eventuelt i madgrupper). Du kan komme i Pisiffik og handle\u00a0en gang om ugen, hvis du har tilladelse til udgang. Hvis du ikke har tilladelse til udgang, skriver du en indk\u00f8bsseddel og personalet s\u00f8rger for indk\u00f8b.<\/p>\n<p>Du f\u00e5r kr. 590,50 om ugen til at k\u00f8be mad for.<\/p>\n<p><strong><br \/>\nS\u00e6rligt om telefon<\/strong><\/p>\n<p>Der er en m\u00f8nttelefon i anstalten, som du kan benytte, hvis ikke politiet eller retten har bestemt, at du ikke m\u00e5. Dine p\u00e5r\u00f8rende kan ogs\u00e5 ringe til m\u00f8nttelefonen. Du m\u00e5 ikke have mobiltelefon hos dig under opholdet.<\/p>\n<p><strong><br \/>\nS\u00e6rligt om bes\u00f8g<\/strong><\/p>\n<p>Du kan modtage bes\u00f8g p\u00e5 disse tidspunkter:<\/p>\n<p>Mandag-fredag: 14.00 &#8211; 20.30<\/p>\n<p>Weekend og helligdage: 14.00 &#8211; 20.30<\/p>\n<p><strong><br \/>\nS\u00e6rligt om indlevering<\/strong><\/p>\n<p>P\u00e5r\u00f8rende og andre kan indlevere genstande og penge til indsatte mellem kl. 09.00 og 16.00. Du skal v\u00e6re opm\u00e6rksom p\u00e5, at ikke alt m\u00e5 indleveres, det er blandt andet ikke tilladt at indlevere madvarer og andet, som ikke kan unders\u00f8ges. Kontakt personalet p\u00e5 anstalten p\u00e5 forh\u00e5nd og h\u00f8r n\u00e6rmere om reglerne.<\/p>\n<p><strong><br \/>\nS\u00e6rligt om rygning<\/strong><\/p>\n<p>Anstalten er r\u00f8gfri. Det vil sige, at du ikke m\u00e5 ryge inde i anstalten, hverken p\u00e5 dit v\u00e6relse eller i f\u00e6llesarealet. Det er tilladt at bruge nikotinprodukter. Du m\u00e5 gerne ryge udend\u00f8rs p\u00e5 g\u00e5rdtursarealet og uden for anstalten, n\u00e5r du er p\u00e5 udgang. Personalet vil tilbyde dig at komme og ryge p\u00e5 bestemte tidspunkter.<\/p>\n","protected":false},"excerpt":{"rendered":"<p>Anstalten har\u00a012 ansatte: en Anstaltsleder, anstaltsbetjente, en socialr\u00e5dgiver, en besk\u00e6ftigelseskonsulent og en timel\u00e6rer, som tilbyder undervisning til de indsatte. Anstalten [&hellip;]<\/p>\n","protected":false},"author":1,"featured_media":0,"parent":0,"menu_order":0,"comment_status":"closed","ping_status":"closed","template":"","meta":{"footnotes":""},"class_list":["post-66","page","type-page","status-publish","hentry"],"translation":{"provider":"WPGlobus","version":"3.0.2","language":"gb","enabled_languages":["da","gr","gb"],"languages":{"da":{"title":true,"content":true,"excerpt":false},"gr":{"title":true,"content":true,"excerpt":false},"gb":{"title":false,"content":false,"excerpt":false}}},"_links":{"self":[{"href":"https:\/\/kriminalforsorgen.gl\/gb\/wp-json\/wp\/v2\/pages\/66","targetHints":{"allow":["GET"]}}],"collection":[{"href":"https:\/\/kriminalforsorgen.gl\/gb\/wp-json\/wp\/v2\/pages"}],"about":[{"href":"https:\/\/kriminalforsorgen.gl\/gb\/wp-json\/wp\/v2\/types\/page"}],"author":[{"embeddable":true,"href":"https:\/\/kriminalforsorgen.gl\/gb\/wp-json\/wp\/v2\/users\/1"}],"replies":[{"embeddable":true,"href":"https:\/\/kriminalforsorgen.gl\/gb\/wp-json\/wp\/v2\/comments?post=66"}],"version-history":[{"count":14,"href":"https:\/\/kriminalforsorgen.gl\/gb\/wp-json\/wp\/v2\/pages\/66\/revisions"}],"predecessor-version":[{"id":526,"href":"https:\/\/kriminalforsorgen.gl\/gb\/wp-json\/wp\/v2\/pages\/66\/revisions\/526"}],"wp:attachment":[{"href":"https:\/\/kriminalforsorgen.gl\/gb\/wp-json\/wp\/v2\/media?parent=66"}],"curies":[{"name":"wp","href":"https:\/\/api.w.org\/{rel}","templated":true}]}}