{"id":719,"date":"2021-11-22T15:01:40","date_gmt":"2021-11-22T18:01:40","guid":{"rendered":"https:\/\/kriminalforsorgen.gl\/?page_id=719"},"modified":"2022-02-25T14:19:18","modified_gmt":"2022-02-25T17:19:18","slug":"job-uddannelse-2","status":"publish","type":"page","link":"https:\/\/kriminalforsorgen.gl\/gb\/job-uddannelse-2\/","title":{"rendered":"Job &#038; uddannelse"},"content":{"rendered":"<p><strong>At v\u00e6re ansat i Kriminalforsorgen<\/strong><\/p>\n<p><strong>Kriminalforsorgen \u00f8nsker at v\u00e6re en attraktiv arbejdsplads i konstant udvikling.<\/strong><\/p>\n<p>I forbindelse med en obligatorisk \u00e5rlig medarbejderudviklingssamtale har du mulighed for at udvikle dine kompetencer, fx i form af videreuddannelse.<\/p>\n<p>Som en offentlig statslig myndighed er du altid sikret velordnede ans\u00e6ttelses- og arbejdsbetingelser og som ansat i Kriminalforsorgen kan du nyde godt af sundhedsordning via \u201c<a href=\"http:\/\/www.sundhedsdoktor.dk\/\">Sundhedsdoktor<\/a>\u201c. Herudover er knyttet bolig og feriefrirejse til Danmark til visse stillinger.<\/p>\n","protected":false},"excerpt":{"rendered":"<p>At v\u00e6re ansat i Kriminalforsorgen Kriminalforsorgen \u00f8nsker at v\u00e6re en attraktiv arbejdsplads i konstant udvikling. I forbindelse med en obligatorisk [&hellip;]<\/p>\n","protected":false},"author":1,"featured_media":0,"parent":0,"menu_order":0,"comment_status":"closed","ping_status":"closed","template":"","meta":{"footnotes":""},"class_list":["post-719","page","type-page","status-publish","hentry"],"translation":{"provider":"WPGlobus","version":"3.0.2","language":"gb","enabled_languages":["da","gr","gb"],"languages":{"da":{"title":true,"content":true,"excerpt":false},"gr":{"title":true,"content":true,"excerpt":false},"gb":{"title":false,"content":false,"excerpt":false}}},"_links":{"self":[{"href":"https:\/\/kriminalforsorgen.gl\/gb\/wp-json\/wp\/v2\/pages\/719","targetHints":{"allow":["GET"]}}],"collection":[{"href":"https:\/\/kriminalforsorgen.gl\/gb\/wp-json\/wp\/v2\/pages"}],"about":[{"href":"https:\/\/kriminalforsorgen.gl\/gb\/wp-json\/wp\/v2\/types\/page"}],"author":[{"embeddable":true,"href":"https:\/\/kriminalforsorgen.gl\/gb\/wp-json\/wp\/v2\/users\/1"}],"replies":[{"embeddable":true,"href":"https:\/\/kriminalforsorgen.gl\/gb\/wp-json\/wp\/v2\/comments?post=719"}],"version-history":[{"count":5,"href":"https:\/\/kriminalforsorgen.gl\/gb\/wp-json\/wp\/v2\/pages\/719\/revisions"}],"predecessor-version":[{"id":744,"href":"https:\/\/kriminalforsorgen.gl\/gb\/wp-json\/wp\/v2\/pages\/719\/revisions\/744"}],"wp:attachment":[{"href":"https:\/\/kriminalforsorgen.gl\/gb\/wp-json\/wp\/v2\/media?parent=719"}],"curies":[{"name":"wp","href":"https:\/\/api.w.org\/{rel}","templated":true}]}}