{"id":75,"date":"2018-01-16T16:55:23","date_gmt":"2018-01-16T15:55:23","guid":{"rendered":"http:\/\/kriminalforsorgen.gl\/?page_id=75"},"modified":"2019-07-02T13:17:19","modified_gmt":"2019-07-02T15:17:19","slug":"anstalten-for-domfaeldte-i-nuuk","status":"publish","type":"page","link":"https:\/\/kriminalforsorgen.gl\/gb\/anstalten-for-domfaeldte-i-nuuk\/","title":{"rendered":"Anstalten for Domf\u00e6ldte i Nuuk"},"content":{"rendered":"<p>Anstalten har\u00a032 ansatte: en anstaltsleder, anstaltsbetjente, besk\u00e6ftigelseskonsulenter, k\u00f8kkenpersonale og en timel\u00e6rer. Anstalten har plads til\u00a056 indsatte.<\/p>\n<p><strong>\u00a0<\/strong><\/p>\n<p><strong>Regler for ophold<\/strong><\/p>\n<p>Der er nogle forskelle p\u00e5 reglerne for opholdet alt efter om du er tilbageholdt (ikke har f\u00e5et dom endnu) eller om du er domf\u00e6ldt. Men her kan du se, hvordan dagligdagen er:<\/p>\n<p>07.00: Opm\u00f8nstring (weekend og helligdage kl. 08.00)<\/p>\n<p>07.00-08.00 Morgenmad (weekend og helligdage 08.00-09.00)<\/p>\n<p>08.00-16.00: Arbejdstid<\/p>\n<p>11.30-12.30: Frokost<\/p>\n<p>17.00-17.30: Aftensmad<\/p>\n<p>21.30: Afm\u00f8nstring<\/p>\n<p><strong><br \/>\nS\u00e6rligt om forplejning<\/strong><\/p>\n<p>Der er k\u00f8kken i anstalten som s\u00f8rger for forplejning af de indsatte med morgenmad, frokost og aftensmad.<\/p>\n<p>Herudover kan indsatte bestille indk\u00f8b fra Brugsen hver tirsdag, der leveres varer onsdag og l\u00f8rdag.<\/p>\n<p><strong><br \/>\nS\u00e6rligt om telefon:<\/strong><\/p>\n<p>Alt efter hvilken afdeling du er placeret p\u00e5 er der enten adgang til m\u00f8nttelefon eller til at leje en mobiltelefon. Det er ikke tilladt at have sin egen mobiltelefon under opholdet.<\/p>\n<p><strong><br \/>\nS\u00e6rligt om bes\u00f8g<\/strong><\/p>\n<p>Du kan modtage bes\u00f8g p\u00e5 disse tidspunkter:<\/p>\n<p>Mandag-fredag: 14.30 &#8211; 20.30<\/p>\n<p>Weekend og helligdage: 10.00 &#8211; 20.30<\/p>\n<p><strong>\u00a0<\/strong><\/p>\n<p><strong>S\u00e6rligt om rygning<\/strong><\/p>\n<p>Anstalten er r\u00f8gfri. Det vil sige, at du ikke m\u00e5 ryge inde i anstalten, hverken p\u00e5 dit v\u00e6relse eller i f\u00e6llesarealet. Det er tilladt at bruge nikotinprodukter. Du m\u00e5 gerne ryge udend\u00f8rs p\u00e5 g\u00e5rdtursarealet og uden for anstalten, n\u00e5r du er p\u00e5 udgang. Personalet vil tilbyde dig at komme og ryge p\u00e5 bestemte tidspunkter.<\/p>\n","protected":false},"excerpt":{"rendered":"<p>Anstalten har\u00a032 ansatte: en anstaltsleder, anstaltsbetjente, besk\u00e6ftigelseskonsulenter, k\u00f8kkenpersonale og en timel\u00e6rer. Anstalten har plads til\u00a056 indsatte. \u00a0 Regler for ophold [&hellip;]<\/p>\n","protected":false},"author":1,"featured_media":0,"parent":0,"menu_order":0,"comment_status":"closed","ping_status":"closed","template":"","meta":{"footnotes":""},"class_list":["post-75","page","type-page","status-publish","hentry"],"translation":{"provider":"WPGlobus","version":"3.0.2","language":"gb","enabled_languages":["da","gr","gb"],"languages":{"da":{"title":true,"content":true,"excerpt":false},"gr":{"title":true,"content":true,"excerpt":false},"gb":{"title":false,"content":false,"excerpt":false}}},"_links":{"self":[{"href":"https:\/\/kriminalforsorgen.gl\/gb\/wp-json\/wp\/v2\/pages\/75","targetHints":{"allow":["GET"]}}],"collection":[{"href":"https:\/\/kriminalforsorgen.gl\/gb\/wp-json\/wp\/v2\/pages"}],"about":[{"href":"https:\/\/kriminalforsorgen.gl\/gb\/wp-json\/wp\/v2\/types\/page"}],"author":[{"embeddable":true,"href":"https:\/\/kriminalforsorgen.gl\/gb\/wp-json\/wp\/v2\/users\/1"}],"replies":[{"embeddable":true,"href":"https:\/\/kriminalforsorgen.gl\/gb\/wp-json\/wp\/v2\/comments?post=75"}],"version-history":[{"count":8,"href":"https:\/\/kriminalforsorgen.gl\/gb\/wp-json\/wp\/v2\/pages\/75\/revisions"}],"predecessor-version":[{"id":524,"href":"https:\/\/kriminalforsorgen.gl\/gb\/wp-json\/wp\/v2\/pages\/75\/revisions\/524"}],"wp:attachment":[{"href":"https:\/\/kriminalforsorgen.gl\/gb\/wp-json\/wp\/v2\/media?parent=75"}],"curies":[{"name":"wp","href":"https:\/\/api.w.org\/{rel}","templated":true}]}}