{"id":813,"date":"2022-02-25T13:46:18","date_gmt":"2022-02-25T16:46:18","guid":{"rendered":"https:\/\/kriminalforsorgen.gl\/?page_id=813"},"modified":"2022-02-28T15:02:35","modified_gmt":"2022-02-28T18:02:35","slug":"anstaltsbetjent","status":"publish","type":"page","link":"https:\/\/kriminalforsorgen.gl\/gb\/anstaltsbetjent\/","title":{"rendered":"Anstaltsbetjent"},"content":{"rendered":"<div class=\"wpb-content-wrapper\">[vc_row][vc_column][vc_column_text]<a href=\"https:\/\/kriminalforsorgen.gl\/wp-content\/uploads\/2022\/02\/Ikitannguaq.jpg\"><img loading=\"lazy\" decoding=\"async\" class=\"alignnone wp-image-873 \" src=\"https:\/\/kriminalforsorgen.gl\/wp-content\/uploads\/2022\/02\/Ikitannguaq-300x200.jpg\" alt=\"\" width=\"632\" height=\"421\" srcset=\"https:\/\/kriminalforsorgen.gl\/wp-content\/uploads\/2022\/02\/Ikitannguaq-300x200.jpg 300w, https:\/\/kriminalforsorgen.gl\/wp-content\/uploads\/2022\/02\/Ikitannguaq-768x512.jpg 768w, https:\/\/kriminalforsorgen.gl\/wp-content\/uploads\/2022\/02\/Ikitannguaq.jpg 1000w\" sizes=\"auto, (max-width: 632px) 100vw, 632px\" \/><\/a><\/p>\n<p><strong>Kriminalforsorgen i Gr\u00f8nland<\/strong><\/p>\n<p>I kriminalforsorgen i Gr\u00f8nland er hovedopgaven at fuldbyrde domme. Hovedopgaven er opdelt i to ligev\u00e6gtige dele. Den ene del handler om kontrol og sikkerhed og den anden del handler om at vi fors\u00f8ger at hj\u00e6lpe og motivere indsatte og klienter til et liv uden kriminalitet. Vi hj\u00e6lper hinanden med at l\u00f8se opgaven og alle er vigtige for at arbejdet kan udf\u00f8res.<\/p>\n<p><strong>\u00a0<\/strong><\/p>\n<p><strong>Det handler om mennesker<\/strong><\/p>\n<p>Kriminalforsorgen h\u00e5ndterer de domme, som omhandler anstalter, samfundstjeneste og tilsyn. Som anstaltsbetjent arbejder du med de indsatte i anstalterne. Sammen med resten af Kriminalforsorgens medarbejdere bidrager du til at begr\u00e6nse kriminalitet i samfundet.<\/p>\n<p>Du samarbejder med dine kolleger, b\u00e5de uniformerede og civile. Dine civile kolleger er for eksempel socialr\u00e5dgivere, l\u00e6rere, behandlere og besk\u00e6ftigelsesassistenter. Sammen med andre dele af samfundet s\u00e5som politi og domstole, og dine kolleger, er det din opgave at sikre at straffen fuldbyrdes, og samtidig motivere de indsatte til et liv uden kriminalitet. Vi afspejler samfundet og derfor har medarbejdere i Kriminalforsorgen mange forskellige baggrunde. Vi er stolte af at v\u00e6re en mangfoldig arbejdsplads.<\/p>\n<p>Billede<\/p>\n<p><strong>Et sp\u00e6ndende og varierende job<\/strong><\/p>\n<p>Som anstaltsbetjent er du p\u00e5 samme tid menneske og myndighed. I det daglige har du ansvaret for, at der er ro og orden p\u00e5 din afdeling. Du s\u00e6tter gr\u00e6nser for, hvad de indsatte m\u00e5 og ikke m\u00e5 inden for de fastsatte rammer. Du h\u00e5ndterer de konflikter, der opst\u00e5r mellem de indsatte og mellem de indsatte og personalet. Du kontrollerer og holder opsyn. Derudover er det ogs\u00e5 vigtigt at du har dialog med de indsatte om deres afsoning og \u00f8nsker for fremtiden.<\/p>\n<p>Hverdagen i en anstalt rummer mange af de samme ting som udenfor. Det kan v\u00e6re madlavning, arbejde, skole, reng\u00f8ring og fritid. Du har ansvaret for, at de indsattes hverdag forl\u00f8ber trygt, sikkert og forudsigeligt.<\/p>\n<p>Billede<\/p>\n<p><strong>Fordomsfri og medmenneskelig indstilling<\/strong><\/p>\n<p>Du laver sagsbehandling vedr. de indsattes afsoningsforl\u00f8b. Du er kontaktperson for en r\u00e6kke indsatte p\u00e5 din afdeling, som du har et s\u00e6rligt ansvar for. I jeres samtaler vejleder du den indsatte om muligheder og rettigheder. Du samarbejder med ledelsen og l\u00e6gger op til afg\u00f8relser om for eksempel udgang og pr\u00f8vel\u00f8sladelse.<\/p>\n<p>Du omg\u00e5s de indsatte naturligt og med respekt for deres person og ejendele. Du har empati, og du kan s\u00e6tte handling bag dine ord. Du er loyal over for dine kolleger og de regler og love, der g\u00e6lder for dit arbejde.<\/p>\n<p><strong>Udviklings- og karrieremuligheder<\/strong><\/p>\n<p>I jobbet som anstaltsbetjent har du ogs\u00e5 mulighed for udvikling og specialisering. Efter endt uddannelse kan du s\u00f8ge specialistfunktioner som fx gruppef\u00f8rer, indsatsleder, b\u00f8rneansvarlig eller konflikth\u00e5ndteringsinstrukt\u00f8r. Du kan ogs\u00e5 avancere til leder.[\/vc_column_text][\/vc_column][\/vc_row]\n<\/div>","protected":false},"excerpt":{"rendered":"<p>[vc_row][vc_column][vc_column_text] Kriminalforsorgen i Gr\u00f8nland I kriminalforsorgen i Gr\u00f8nland er hovedopgaven at fuldbyrde domme. Hovedopgaven er opdelt i to ligev\u00e6gtige dele. [&hellip;]<\/p>\n","protected":false},"author":1,"featured_media":0,"parent":0,"menu_order":0,"comment_status":"closed","ping_status":"closed","template":"","meta":{"footnotes":""},"class_list":["post-813","page","type-page","status-publish","hentry"],"translation":{"provider":"WPGlobus","version":"3.0.2","language":"gb","enabled_languages":["da","gr","gb"],"languages":{"da":{"title":true,"content":true,"excerpt":false},"gr":{"title":true,"content":true,"excerpt":false},"gb":{"title":false,"content":false,"excerpt":false}}},"_links":{"self":[{"href":"https:\/\/kriminalforsorgen.gl\/gb\/wp-json\/wp\/v2\/pages\/813","targetHints":{"allow":["GET"]}}],"collection":[{"href":"https:\/\/kriminalforsorgen.gl\/gb\/wp-json\/wp\/v2\/pages"}],"about":[{"href":"https:\/\/kriminalforsorgen.gl\/gb\/wp-json\/wp\/v2\/types\/page"}],"author":[{"embeddable":true,"href":"https:\/\/kriminalforsorgen.gl\/gb\/wp-json\/wp\/v2\/users\/1"}],"replies":[{"embeddable":true,"href":"https:\/\/kriminalforsorgen.gl\/gb\/wp-json\/wp\/v2\/comments?post=813"}],"version-history":[{"count":9,"href":"https:\/\/kriminalforsorgen.gl\/gb\/wp-json\/wp\/v2\/pages\/813\/revisions"}],"predecessor-version":[{"id":879,"href":"https:\/\/kriminalforsorgen.gl\/gb\/wp-json\/wp\/v2\/pages\/813\/revisions\/879"}],"wp:attachment":[{"href":"https:\/\/kriminalforsorgen.gl\/gb\/wp-json\/wp\/v2\/media?parent=813"}],"curies":[{"name":"wp","href":"https:\/\/api.w.org\/{rel}","templated":true}]}}