{"id":825,"date":"2022-02-25T14:08:15","date_gmt":"2022-02-25T17:08:15","guid":{"rendered":"https:\/\/kriminalforsorgen.gl\/?page_id=825"},"modified":"2022-02-25T14:25:18","modified_gmt":"2022-02-25T17:25:18","slug":"ansoegning-og-optagelse","status":"publish","type":"page","link":"https:\/\/kriminalforsorgen.gl\/gb\/job-uddannelse-2\/ansoegning-og-optagelse\/","title":{"rendered":"Ans\u00f8gning og optagelse"},"content":{"rendered":"<p>Det tager 2 \u00e5r at blive anstaltsbetjent og kr\u00e6ver:<\/p>\n<ul>\n<li>At du skal v\u00e6re fyldt 21 \u00e5r<\/li>\n<li>At du som minimum har folkeskolens afgangseksamen<\/li>\n<\/ul>\n<p>Derudover forventer vi at du:<\/p>\n<ul>\n<li>Er dobbeltsproget, eller har mod p\u00e5 at l\u00e6re mere dansk\/ gr\u00f8nlandsk<\/li>\n<li>Har interesse for menneskers udvikling<\/li>\n<li>Er psykisk robust<\/li>\n<li>Er rolig og st\u00e5r fast under konflikter<\/li>\n<li>Er holdspiller<\/li>\n<\/ul>\n<p>N\u00e5r du s\u00f8ger optagelse p\u00e5 uddannelsen til anstaltsbetjent, bliver du tjekket i kriminalregisteret. Kriminalforsorgen optager ikke personer med domme for alvorlig kriminalitet. I forbindelse med alle ans\u00f8gninger foretages der dog en konkret vurdering, hvor vi ser p\u00e5 omst\u00e6ndighederne.<\/p>\n<p><strong>\u00a0<\/strong><\/p>\n<p><strong>Vilk\u00e5r<\/strong><\/p>\n<p>Der yder tiltr\u00e6delsesrejse, hvis du f\u00e5r ans\u00e6ttelse i en anden by end din hjemby. Der er mulighed for personalebolig i forbindelse med ans\u00e6ttelsen.<\/p>\n<p>Du ans\u00e6ttes som tjenestemand p\u00e5 pr\u00f8ve. Efter endt uddannelse ans\u00e6ttes du som tjenestemand, med ret til pension.<\/p>\n<p><strong>Hvis du vil s\u00f8ge<\/strong><\/p>\n<p>Du skal udfylde et s\u00e6rligt ans\u00f8gningsskema. Skemaet downloades og sendes til <a href=\"mailto:krfo@krfo.gl\">krfo@krfo.gl<\/a> Hvis din ans\u00f8gning kommer i betragtning vil du blive indkaldt til en pr\u00f8ve og et interview. Til pr\u00f8ven vurderer vi din reflektionsevne og din robusthed og vi taler med dig om din motivation for at blive anstaltsbetjent. Du vil blive vejledt inden pr\u00f8ven.<\/p>\n<p>Download ans\u00f8gningsskema her: <a href=\"https:\/\/kriminalforsorgen.gl\/wp-content\/uploads\/2018\/01\/Kriminalforsorgenansogning.pdf\"><strong>Ans\u00f8gningsskema<\/strong><\/a><\/p>\n<p>Som Word: <a href=\"https:\/\/kriminalforsorgen.gl\/wp-content\/uploads\/2018\/01\/Kriminalforsorgenansogningword97.doc\"><strong>Kriminalforsorgen ans\u00f8gning word<\/strong><\/a><\/p>\n","protected":false},"excerpt":{"rendered":"<p>Det tager 2 \u00e5r at blive anstaltsbetjent og kr\u00e6ver: At du skal v\u00e6re fyldt 21 \u00e5r At du som minimum [&hellip;]<\/p>\n","protected":false},"author":1,"featured_media":0,"parent":719,"menu_order":0,"comment_status":"closed","ping_status":"closed","template":"","meta":{"footnotes":""},"class_list":["post-825","page","type-page","status-publish","hentry"],"translation":{"provider":"WPGlobus","version":"3.0.2","language":"gb","enabled_languages":["da","gr","gb"],"languages":{"da":{"title":true,"content":true,"excerpt":false},"gr":{"title":true,"content":true,"excerpt":false},"gb":{"title":false,"content":false,"excerpt":false}}},"_links":{"self":[{"href":"https:\/\/kriminalforsorgen.gl\/gb\/wp-json\/wp\/v2\/pages\/825","targetHints":{"allow":["GET"]}}],"collection":[{"href":"https:\/\/kriminalforsorgen.gl\/gb\/wp-json\/wp\/v2\/pages"}],"about":[{"href":"https:\/\/kriminalforsorgen.gl\/gb\/wp-json\/wp\/v2\/types\/page"}],"author":[{"embeddable":true,"href":"https:\/\/kriminalforsorgen.gl\/gb\/wp-json\/wp\/v2\/users\/1"}],"replies":[{"embeddable":true,"href":"https:\/\/kriminalforsorgen.gl\/gb\/wp-json\/wp\/v2\/comments?post=825"}],"version-history":[{"count":3,"href":"https:\/\/kriminalforsorgen.gl\/gb\/wp-json\/wp\/v2\/pages\/825\/revisions"}],"predecessor-version":[{"id":846,"href":"https:\/\/kriminalforsorgen.gl\/gb\/wp-json\/wp\/v2\/pages\/825\/revisions\/846"}],"up":[{"embeddable":true,"href":"https:\/\/kriminalforsorgen.gl\/gb\/wp-json\/wp\/v2\/pages\/719"}],"wp:attachment":[{"href":"https:\/\/kriminalforsorgen.gl\/gb\/wp-json\/wp\/v2\/media?parent=825"}],"curies":[{"name":"wp","href":"https:\/\/api.w.org\/{rel}","templated":true}]}}