{"id":847,"date":"2022-02-25T14:27:42","date_gmt":"2022-02-25T17:27:42","guid":{"rendered":"https:\/\/kriminalforsorgen.gl\/?page_id=847"},"modified":"2022-03-01T08:17:16","modified_gmt":"2022-03-01T11:17:16","slug":"uddannelsen-til-faengselsbetjent","status":"publish","type":"page","link":"https:\/\/kriminalforsorgen.gl\/gb\/job-uddannelse-2\/uddannelsen-til-faengselsbetjent\/","title":{"rendered":"Uddannelsen til anstaltsbetjent"},"content":{"rendered":"<div class=\"wpb-content-wrapper\">[vc_row][vc_column][vc_column_text]<strong>Uddannelsen veksler mellem teori og praksis<\/strong><\/p>\n<p>Her kan du se, hvordan undervisning og praktik fordeler sig over de 2 \u00e5r.<\/p>\n<p><a href=\"https:\/\/kriminalforsorgen.gl\/wp-content\/uploads\/2022\/02\/varighed.png\"><img loading=\"lazy\" decoding=\"async\" class=\"alignnone wp-image-878\" src=\"https:\/\/kriminalforsorgen.gl\/wp-content\/uploads\/2022\/02\/varighed-300x180.png\" alt=\"\" width=\"518\" height=\"311\" srcset=\"https:\/\/kriminalforsorgen.gl\/wp-content\/uploads\/2022\/02\/varighed-300x180.png 300w, https:\/\/kriminalforsorgen.gl\/wp-content\/uploads\/2022\/02\/varighed.png 737w\" sizes=\"auto, (max-width: 518px) 100vw, 518px\" \/><\/a><\/p>\n<p>Mens du er under uddannelse, er du ansat som \u201canstaltsbetjent p\u00e5 pr\u00f8ve\u201d. I introduktionsforl\u00f8bet, som er en del af den f\u00f8rste praktik er du uden for normeringen i de f\u00f8rste dage\/ uger og vil blive guidet igennem forskellige opgaver mm. Herefter vil du indg\u00e5 i normeringen og skal h\u00e5ndtere de fleste opgaver p\u00e5 lige fod med andre betjente \u2013 dog under hensyntagen til de uddannelsesm\u00e6ssige behov. Der er regler for hvilke opgaver du m\u00e5 deltage i afh\u00e6ngig af hvor langt du er i dit uddannelsesforl\u00f8b. Gennemf\u00f8res og best\u00e5s uddannelsen, er du bagefter garanteret ans\u00e6ttelse som anstaltsbetjent.<\/p>\n<p><strong>\u00a0<\/strong><\/p>\n<p><strong><a href=\"https:\/\/kriminalforsorgen.gl\/wp-content\/uploads\/2022\/02\/Billede-3-1-rotated.jpg\"><img loading=\"lazy\" decoding=\"async\" class=\"alignnone wp-image-877 size-full\" src=\"https:\/\/kriminalforsorgen.gl\/wp-content\/uploads\/2022\/02\/Billede-3-1-rotated.jpg\" alt=\"\" width=\"480\" height=\"640\" srcset=\"https:\/\/kriminalforsorgen.gl\/wp-content\/uploads\/2022\/02\/Billede-3-1-rotated.jpg 480w, https:\/\/kriminalforsorgen.gl\/wp-content\/uploads\/2022\/02\/Billede-3-1-225x300.jpg 225w\" sizes=\"auto, (max-width: 480px) 100vw, 480px\" \/><\/a><\/strong><\/p>\n<p><strong>Uddannelsens indhold<\/strong><\/p>\n<p><u>Skoleopholdet<\/u> foreg\u00e5r i Nuuk, hvor der bl.a. undervises i:<\/p>\n<p><strong>Det sikkerhedsm\u00e6ssige omr\u00e5de<\/strong>, herunder:<\/p>\n<ul>\n<li>Konflikth\u00e5ndtering, selvforsvar og magtanvendelse<\/li>\n<li>Regler for Magt- og sikringsmidler<\/li>\n<li>Skriftlig dokumentation<\/li>\n<li>F\u00f8rstehj\u00e6lp<\/li>\n<\/ul>\n<p><strong>Det kriminalforsorgsfaglige omr\u00e5de<\/strong>, herunder:<\/p>\n<ul>\n<li>Varetagelse af daglige opgaver i anstalten<\/li>\n<li>Myndighedsud\u00f8velse<\/li>\n<li>Konkret sagsbehandling forhold til indsatte<\/li>\n<li>Rettigheder og pligter<\/li>\n<\/ul>\n<p><strong>Det samfundsfaglige omr\u00e5de<\/strong>, herunder:<\/p>\n<ul>\n<li>Kriminalforsorgens rolle i samfundet<\/li>\n<li>Samarbejde med \u00f8vrige myndigheder<\/li>\n<li>Misbrug og behandlingsmuligheder<\/li>\n<li>\u00c5rsager til kriminalitet<\/li>\n<\/ul>\n<p><u><a href=\"https:\/\/kriminalforsorgen.gl\/wp-content\/uploads\/2022\/02\/Billede-2-1-1.jpg\"><img loading=\"lazy\" decoding=\"async\" class=\"alignnone wp-image-876 size-full\" src=\"https:\/\/kriminalforsorgen.gl\/wp-content\/uploads\/2022\/02\/Billede-2-1-1.jpg\" alt=\"\" width=\"640\" height=\"480\" srcset=\"https:\/\/kriminalforsorgen.gl\/wp-content\/uploads\/2022\/02\/Billede-2-1-1.jpg 640w, https:\/\/kriminalforsorgen.gl\/wp-content\/uploads\/2022\/02\/Billede-2-1-1-300x225.jpg 300w\" sizes=\"auto, (max-width: 640px) 100vw, 640px\" \/><\/a><\/u><\/p>\n<p><u>Praktikperioderne<\/u><\/p>\n<p>Uddannelsen best\u00e5r af tre praktikperioder, hvor du.<\/p>\n<ol>\n<li>Tilknyttes en anstalt under din uddannelse og her f\u00e5r du tildelt en praktikvejleder, der sammen med anstaltslederen s\u00f8rger for, at du sammen med det du l\u00e6re p\u00e5 teorimodulerne f\u00e5r tr\u00e6net forskellige opgaver og dermed l\u00e6rt de funktioner som det kr\u00e6ves af en anstaltsbetjent.<\/li>\n<li>F\u00e5r et praktikophold i en anstalt i en anden by<\/li>\n<li>Kommer p\u00e5 et ophold i Kriminalforsorgen i Frihed<\/li>\n<\/ol>\n<p>Da skoleophold og praktikken kan foreg\u00e5 flere steder i landet skal du v\u00e6re parat til perioder med rejseaktivitet og tid v\u00e6k fra familien, mens du uddanner dig.[\/vc_column_text][\/vc_column][\/vc_row][vc_row][vc_column][vc_video link=&#8221;https:\/\/www.sebrochure.dk\/video\/707B22684&#8243; el_width=&#8221;70&#8243;][\/vc_column][\/vc_row][vc_row][vc_column][vc_raw_js]aHR0cHMlM0ElMkYlMkZ3d3cuc2Vicm9jaHVyZS5kayUyRnZpZGVvJTJGNzA3QjIyNjg0[\/vc_raw_js][\/vc_column][\/vc_row]\n<\/div>","protected":false},"excerpt":{"rendered":"<p>[vc_row][vc_column][vc_column_text]Uddannelsen veksler mellem teori og praksis Her kan du se, hvordan undervisning og praktik fordeler sig over de 2 \u00e5r. [&hellip;]<\/p>\n","protected":false},"author":1,"featured_media":0,"parent":719,"menu_order":0,"comment_status":"closed","ping_status":"closed","template":"","meta":{"footnotes":""},"class_list":["post-847","page","type-page","status-publish","hentry"],"translation":{"provider":"WPGlobus","version":"3.0.2","language":"gb","enabled_languages":["da","gr","gb"],"languages":{"da":{"title":true,"content":true,"excerpt":false},"gr":{"title":true,"content":true,"excerpt":false},"gb":{"title":false,"content":false,"excerpt":false}}},"_links":{"self":[{"href":"https:\/\/kriminalforsorgen.gl\/gb\/wp-json\/wp\/v2\/pages\/847","targetHints":{"allow":["GET"]}}],"collection":[{"href":"https:\/\/kriminalforsorgen.gl\/gb\/wp-json\/wp\/v2\/pages"}],"about":[{"href":"https:\/\/kriminalforsorgen.gl\/gb\/wp-json\/wp\/v2\/types\/page"}],"author":[{"embeddable":true,"href":"https:\/\/kriminalforsorgen.gl\/gb\/wp-json\/wp\/v2\/users\/1"}],"replies":[{"embeddable":true,"href":"https:\/\/kriminalforsorgen.gl\/gb\/wp-json\/wp\/v2\/comments?post=847"}],"version-history":[{"count":12,"href":"https:\/\/kriminalforsorgen.gl\/gb\/wp-json\/wp\/v2\/pages\/847\/revisions"}],"predecessor-version":[{"id":893,"href":"https:\/\/kriminalforsorgen.gl\/gb\/wp-json\/wp\/v2\/pages\/847\/revisions\/893"}],"up":[{"embeddable":true,"href":"https:\/\/kriminalforsorgen.gl\/gb\/wp-json\/wp\/v2\/pages\/719"}],"wp:attachment":[{"href":"https:\/\/kriminalforsorgen.gl\/gb\/wp-json\/wp\/v2\/media?parent=847"}],"curies":[{"name":"wp","href":"https:\/\/api.w.org\/{rel}","templated":true}]}}