{"id":857,"date":"2022-02-25T14:32:27","date_gmt":"2022-02-25T17:32:27","guid":{"rendered":"https:\/\/kriminalforsorgen.gl\/?page_id=857"},"modified":"2022-02-25T14:32:54","modified_gmt":"2022-02-25T17:32:54","slug":"loen-og-ansaettelsesforhold","status":"publish","type":"page","link":"https:\/\/kriminalforsorgen.gl\/gb\/job-uddannelse-2\/loen-og-ansaettelsesforhold\/","title":{"rendered":"L\u00f8n og ans\u00e6ttelsesforhold"},"content":{"rendered":"<p>Under uddannelse ansattes du som tjenestemand p\u00e5 pr\u00f8ve og der er mulighed for at f\u00e5 tildelt en personalebolig efter de til en hver tid g\u00e6ldende regler.<\/p>\n<p>Der ydes endvidere tiltr\u00e6delsesrejse og bohaveflytning efter de til en hver tid g\u00e6ldende regler, hvis du ans\u00e6ttes i en anden by end der hvor du bor.<\/p>\n<p>Efter endt uddannelse ans\u00e6ttes du som tjenestemand med ret til pension. Du ans\u00e6ttes som udgangspunkt i en turnusstilling med vagttyper som d\u00e6kker hele d\u00f8gnet alle ugens dage. Herunder formiddagsvagter, eftermiddagsvagter og nattevagter. Enkelte institutioner har d\u00f8gntjeneste.<\/p>\n<p>Du skal p\u00e5regne at halvdelen af din tjenestetid foreg\u00e5r eftermiddag, aften og nat.<\/p>\n<p>L\u00f8neksempel til anstaltsbetjent <u>under uddannelse<\/u>:<\/p>\n<ul>\n<li>Grundl\u00f8n under uddannelse: 17.710 kr. pr. mdr.<\/li>\n<li>Udligningsbidrag: 4.123 kr. pr. mdr.<\/li>\n<li>Till\u00e6g for sk\u00e6ve arbejdstider: ca. 2.500 kr. pr. mdr.<\/li>\n<li><strong>I alt ca.: 24.333 kr. pr. mdr.<\/strong><\/li>\n<\/ul>\n<p>L\u00f8neksempel til anstaltsbetjent <u>med 3 \u00e5rs anciennitet<\/u>:<\/p>\n<ul>\n<li>Grundl\u00f8n til anstaltsbetjent med 3 \u00e5rs anciennitet: 19.346 kr. pr. mdr.<\/li>\n<li>Udligningsbidrag: 7.417 kr. pr. mdr.<\/li>\n<li>Till\u00e6g for sk\u00e6ve arbejdstider: ca. 2.500 kr. pr. mdr.<\/li>\n<li><strong>I alt ca.: 29.263 kr. pr. mdr.<\/strong><\/li>\n<\/ul>\n<p><u>\u00a0<\/u><\/p>\n<p><u>Derudover <\/u>kan der gives till\u00e6g for anden dokumenteret erhvervsuddannelse, der er fuld l\u00f8n under ferie, sygdom og barsel og der optjenes pension.<\/p>\n","protected":false},"excerpt":{"rendered":"<p>Under uddannelse ansattes du som tjenestemand p\u00e5 pr\u00f8ve og der er mulighed for at f\u00e5 tildelt en personalebolig efter de [&hellip;]<\/p>\n","protected":false},"author":1,"featured_media":0,"parent":719,"menu_order":0,"comment_status":"closed","ping_status":"closed","template":"","meta":{"footnotes":""},"class_list":["post-857","page","type-page","status-publish","hentry"],"translation":{"provider":"WPGlobus","version":"3.0.2","language":"gb","enabled_languages":["da","gr","gb"],"languages":{"da":{"title":true,"content":true,"excerpt":false},"gr":{"title":true,"content":true,"excerpt":false},"gb":{"title":false,"content":false,"excerpt":false}}},"_links":{"self":[{"href":"https:\/\/kriminalforsorgen.gl\/gb\/wp-json\/wp\/v2\/pages\/857","targetHints":{"allow":["GET"]}}],"collection":[{"href":"https:\/\/kriminalforsorgen.gl\/gb\/wp-json\/wp\/v2\/pages"}],"about":[{"href":"https:\/\/kriminalforsorgen.gl\/gb\/wp-json\/wp\/v2\/types\/page"}],"author":[{"embeddable":true,"href":"https:\/\/kriminalforsorgen.gl\/gb\/wp-json\/wp\/v2\/users\/1"}],"replies":[{"embeddable":true,"href":"https:\/\/kriminalforsorgen.gl\/gb\/wp-json\/wp\/v2\/comments?post=857"}],"version-history":[{"count":2,"href":"https:\/\/kriminalforsorgen.gl\/gb\/wp-json\/wp\/v2\/pages\/857\/revisions"}],"predecessor-version":[{"id":860,"href":"https:\/\/kriminalforsorgen.gl\/gb\/wp-json\/wp\/v2\/pages\/857\/revisions\/860"}],"up":[{"embeddable":true,"href":"https:\/\/kriminalforsorgen.gl\/gb\/wp-json\/wp\/v2\/pages\/719"}],"wp:attachment":[{"href":"https:\/\/kriminalforsorgen.gl\/gb\/wp-json\/wp\/v2\/media?parent=857"}],"curies":[{"name":"wp","href":"https:\/\/api.w.org\/{rel}","templated":true}]}}